{"id":88,"date":"2025-09-17T15:45:16","date_gmt":"2025-09-17T15:45:16","guid":{"rendered":"https:\/\/leadbeyondbiz.com\/?page_id=88"},"modified":"2026-01-15T01:26:37","modified_gmt":"2026-01-15T01:26:37","slug":"acerca-de-nosotros","status":"publish","type":"page","link":"https:\/\/leadbeyondbiz.com\/es\/acerca-de-nosotros\/","title":{"rendered":"Qui\u00e9nes somos"},"content":{"rendered":"<div data-elementor-type=\"wp-page\" data-elementor-id=\"88\" class=\"elementor elementor-88\" data-elementor-post-type=\"page\">\n\t\t\t\t<div class=\"elementor-element elementor-element-a8c5c51 e-flex e-con-boxed e-con e-parent\" data-id=\"a8c5c51\" data-element_type=\"container\" data-settings=\"{&quot;background_background&quot;:&quot;classic&quot;}\">\n\t\t\t\t\t<div class=\"e-con-inner\">\n\t\t\t\t<div class=\"elementor-element elementor-element-7cf1c38 elementor-widget elementor-widget-heading\" data-id=\"7cf1c38\" data-element_type=\"widget\" data-widget_type=\"heading.default\">\n\t\t\t\t\t<h1 class=\"elementor-heading-title elementor-size-default\">Acerca de <strong>Lead Beyond<\/strong><\/h1>\t\t\t\t<\/div>\n\t\t\t\t\t<\/div>\n\t\t\t\t<\/div>\n\t\t<div class=\"elementor-element elementor-element-dcb07cc e-flex e-con-boxed e-con e-parent\" data-id=\"dcb07cc\" data-element_type=\"container\">\n\t\t\t\t\t<div class=\"e-con-inner\">\n\t\t\t\t<div class=\"elementor-element elementor-element-113c3c1 elementor-widget elementor-widget-heading\" data-id=\"113c3c1\" data-element_type=\"widget\" data-widget_type=\"heading.default\">\n\t\t\t\t\t<h2 class=\"elementor-heading-title elementor-size-default\"><strong>Lead Beyond<\/strong> es un socio consultor para organizaciones corporativas y startups ambiciosas que est\u00e1n preparadas para crecer, transformarse y competir a un nivel superior.<\/h2>\t\t\t\t<\/div>\n\t\t\t\t<div class=\"elementor-element elementor-element-66923f5 elementor-widget__width-initial elementor-widget elementor-widget-text-editor\" data-id=\"66923f5\" data-element_type=\"widget\" data-widget_type=\"text-editor.default\">\n\t\t\t\t\t\t\t\t\t<p>Apoyamos a las empresas que est\u00e1n preparadas para evolucionar, adoptar la innovaci\u00f3n y rendir a un nivel superior en mercados cada vez m\u00e1s exigentes.<\/p>\t\t\t\t\t\t\t\t<\/div>\n\t\t\t\t\t<\/div>\n\t\t\t\t<\/div>\n\t\t<div class=\"elementor-element elementor-element-054b364 elementor-hidden-mobile e-flex e-con-boxed e-con e-parent\" data-id=\"054b364\" data-element_type=\"container\" data-settings=\"{&quot;background_background&quot;:&quot;classic&quot;}\">\n\t\t\t\t\t<div class=\"e-con-inner\">\n\t\t<div class=\"elementor-element elementor-element-5798e86 e-con-full e-flex e-con e-child\" data-id=\"5798e86\" data-element_type=\"container\">\n\t\t\t\t<div class=\"elementor-element elementor-element-e871a37 elementor-widget elementor-widget-icon-box\" data-id=\"e871a37\" data-element_type=\"widget\" data-widget_type=\"icon-box.default\">\n\t\t\t\t\t\t\t<div class=\"elementor-icon-box-wrapper\">\n\n\t\t\t\n\t\t\t\t\t\t<div class=\"elementor-icon-box-content\">\n\n\t\t\t\t\t\t\t\t\t<h3 class=\"elementor-icon-box-title\">\n\t\t\t\t\t\t<span  >\n\t\t\t\t\t\t\tLos directivos de empresas y los fundadores de startups se enfrentan a realidades diferentes, pero comparten el mismo objetivo:\t\t\t\t\t\t<\/span>\n\t\t\t\t\t<\/h3>\n\t\t\t\t\n\t\t\t\t\t\t\t\t\t<p class=\"elementor-icon-box-description\">\n\t\t\t\t\t\tConstruir organizaciones resistentes y de alto rendimiento. En Lead Beyond, nos integramos a la perfecci\u00f3n con su equipo para comprender sus objetivos, alinear a las partes interesadas y ofrecer estrategias que funcionen en el mundo real.\n<br>\nTanto si est\u00e1 modernizando operaciones heredadas, lanzando nuevas capacidades o ampliando su modelo de negocio, Lead Beyond aporta estructura, conocimiento e impulso a cada compromiso.\t\t\t\t\t<\/p>\n\t\t\t\t\n\t\t\t<\/div>\n\t\t\t\n\t\t<\/div>\n\t\t\t\t\t\t<\/div>\n\t\t\t\t<\/div>\n\t\t<div class=\"elementor-element elementor-element-1f45315 e-con-full elementor-hidden-mobile e-flex e-con e-child\" data-id=\"1f45315\" data-element_type=\"container\" data-settings=\"{&quot;background_background&quot;:&quot;classic&quot;}\">\n\t\t\t\t<\/div>\n\t\t\t\t\t<\/div>\n\t\t\t\t<\/div>\n\t\t<div class=\"elementor-element elementor-element-a3442bd e-flex e-con-boxed e-con e-parent\" data-id=\"a3442bd\" data-element_type=\"container\">\n\t\t\t\t\t<div class=\"e-con-inner\">\n\t\t\t\t<div class=\"elementor-element elementor-element-b740306 elementor-widget elementor-widget-heading\" data-id=\"b740306\" data-element_type=\"widget\" data-widget_type=\"heading.default\">\n\t\t\t\t\t<h2 class=\"elementor-heading-title elementor-size-default\">Estrategia inteligente. Ejecuci\u00f3n pr\u00e1ctica. Impacto real. As\u00ed es <strong>Lead Beyond<\/strong> enfoque.<\/h2>\t\t\t\t<\/div>\n\t\t\t\t<div class=\"elementor-element elementor-element-fefcabd elementor-widget__width-initial elementor-widget elementor-widget-text-editor\" data-id=\"fefcabd\" data-element_type=\"widget\" data-widget_type=\"text-editor.default\">\n\t\t\t\t\t\t\t\t\t<p><em>Desbloquee nuevas oportunidades con<strong> Lidera m\u00e1s all\u00e1.<\/strong><\/em><\/p>\t\t\t\t\t\t\t\t<\/div>\n\t\t\t\t<div class=\"elementor-element elementor-element-61ee651 elementor-align-left elementor-widget elementor-widget-button\" data-id=\"61ee651\" data-element_type=\"widget\" data-widget_type=\"button.default\">\n\t\t\t\t\t\t\t\t\t\t<a class=\"elementor-button elementor-button-link elementor-size-sm elementor-animation-grow\" href=\"https:\/\/leadbeyondbiz.com\/wp-admin\/contact\/\">\n\t\t\t\t\t\t<span class=\"elementor-button-content-wrapper\">\n\t\t\t\t\t\t\t\t\t<span class=\"elementor-button-text\">Cont\u00e1ctanos<\/span>\n\t\t\t\t\t<\/span>\n\t\t\t\t\t<\/a>\n\t\t\t\t\t\t\t\t<\/div>\n\t\t\t\t\t<\/div>\n\t\t\t\t<\/div>\n\t\t\t\t<\/div>","protected":false},"excerpt":{"rendered":"<p>Acerca de Lead Beyond Lead Beyond es un socio de consultor\u00eda para organizaciones corporativas y startups ambiciosas que est\u00e1n listas para crecer, transformarse y competir a un nivel superior. Apoyamos a las empresas que est\u00e1n preparadas para evolucionar, adoptar la innovaci\u00f3n y rendir a un nivel superior en mercados cada vez m\u00e1s exigentes. Los l\u00edderes corporativos y los fundadores de startups se enfrentan a realidades diferentes-pero [...]<\/p>","protected":false},"author":1,"featured_media":0,"parent":0,"menu_order":0,"comment_status":"closed","ping_status":"closed","template":"","meta":{"footnotes":""},"class_list":["post-88","page","type-page","status-publish","hentry"],"_links":{"self":[{"href":"https:\/\/leadbeyondbiz.com\/es\/wp-json\/wp\/v2\/pages\/88","targetHints":{"allow":["GET"]}}],"collection":[{"href":"https:\/\/leadbeyondbiz.com\/es\/wp-json\/wp\/v2\/pages"}],"about":[{"href":"https:\/\/leadbeyondbiz.com\/es\/wp-json\/wp\/v2\/types\/page"}],"author":[{"embeddable":true,"href":"https:\/\/leadbeyondbiz.com\/es\/wp-json\/wp\/v2\/users\/1"}],"replies":[{"embeddable":true,"href":"https:\/\/leadbeyondbiz.com\/es\/wp-json\/wp\/v2\/comments?post=88"}],"version-history":[{"count":113,"href":"https:\/\/leadbeyondbiz.com\/es\/wp-json\/wp\/v2\/pages\/88\/revisions"}],"predecessor-version":[{"id":957,"href":"https:\/\/leadbeyondbiz.com\/es\/wp-json\/wp\/v2\/pages\/88\/revisions\/957"}],"wp:attachment":[{"href":"https:\/\/leadbeyondbiz.com\/es\/wp-json\/wp\/v2\/media?parent=88"}],"curies":[{"name":"wp","href":"https:\/\/api.w.org\/{rel}","templated":true}]}}