{"id":287,"date":"2025-09-18T17:55:18","date_gmt":"2025-09-18T17:55:18","guid":{"rendered":"https:\/\/leadbeyondbiz.com\/?page_id=287"},"modified":"2026-01-15T00:14:47","modified_gmt":"2026-01-15T00:14:47","slug":"carreras","status":"publish","type":"page","link":"https:\/\/leadbeyondbiz.com\/es\/carreras\/","title":{"rendered":"Carreras"},"content":{"rendered":"<div data-elementor-type=\"wp-page\" data-elementor-id=\"287\" class=\"elementor elementor-287\" data-elementor-post-type=\"page\">\n\t\t\t\t<div class=\"elementor-element elementor-element-29af792 e-flex e-con-boxed e-con e-parent\" data-id=\"29af792\" data-element_type=\"container\" data-settings=\"{&quot;background_background&quot;:&quot;classic&quot;}\">\n\t\t\t\t\t<div class=\"e-con-inner\">\n\t\t\t\t<div class=\"elementor-element elementor-element-f2f2793 elementor-widget elementor-widget-heading\" data-id=\"f2f2793\" data-element_type=\"widget\" data-widget_type=\"heading.default\">\n\t\t\t\t\t<h1 class=\"elementor-heading-title elementor-size-default\">Carreras en <strong>Lead Beyond<\/strong><\/h1>\t\t\t\t<\/div>\n\t\t\t\t\t<\/div>\n\t\t\t\t<\/div>\n\t\t<div class=\"elementor-element elementor-element-68a4787 e-flex e-con-boxed e-con e-parent\" data-id=\"68a4787\" data-element_type=\"container\">\n\t\t\t\t\t<div class=\"e-con-inner\">\n\t\t\t\t<div class=\"elementor-element elementor-element-ac4d7bf elementor-widget elementor-widget-heading\" data-id=\"ac4d7bf\" data-element_type=\"widget\" data-widget_type=\"heading.default\">\n\t\t\t\t\t<h2 class=\"elementor-heading-title elementor-size-default\">En <strong>Lead Beyond<\/strong>, estamos formando un equipo de pensadores estrat\u00e9gicos, solucionadores de problemas y colaboradores que quieren dar forma al futuro de la consultor\u00eda.<\/h2>\t\t\t\t<\/div>\n\t\t\t\t<div class=\"elementor-element elementor-element-48d0c11 elementor-widget__width-initial elementor-widget-mobile__width-inherit elementor-widget elementor-widget-text-editor\" data-id=\"48d0c11\" data-element_type=\"widget\" data-widget_type=\"text-editor.default\">\n\t\t\t\t\t\t\t\t\t<p class=\"p1\">Trabajar\u00e1s con l\u00edderes corporativos y fundadores de startups, contribuir\u00e1s a proyectos de gran impacto y desarrollar\u00e1s tus habilidades en estrategia, tecnolog\u00eda y transformaci\u00f3n. Valoramos la iniciativa, la implicaci\u00f3n y el aprendizaje continuo.<\/p>\t\t\t\t\t\t\t\t<\/div>\n\t\t\t\t\t<\/div>\n\t\t\t\t<\/div>\n\t\t<div class=\"elementor-element elementor-element-ad78aa5 elementor-hidden-mobile e-flex e-con-boxed e-con e-parent\" data-id=\"ad78aa5\" data-element_type=\"container\" data-settings=\"{&quot;background_background&quot;:&quot;classic&quot;}\">\n\t\t\t\t\t<div class=\"e-con-inner\">\n\t\t<div class=\"elementor-element elementor-element-5183379 e-con-full e-flex e-con e-child\" data-id=\"5183379\" data-element_type=\"container\">\n\t\t\t\t<div class=\"elementor-element elementor-element-94e699e elementor-invisible elementor-widget elementor-widget-icon-box\" data-id=\"94e699e\" data-element_type=\"widget\" data-settings=\"{&quot;_animation&quot;:&quot;fadeInLeft&quot;}\" data-widget_type=\"icon-box.default\">\n\t\t\t\t\t\t\t<div class=\"elementor-icon-box-wrapper\">\n\n\t\t\t\n\t\t\t\t\t\t<div class=\"elementor-icon-box-content\">\n\n\t\t\t\t\t\t\t\t\t<h3 class=\"elementor-icon-box-title\">\n\t\t\t\t\t\t<span  >\n\t\t\t\t\t\t\tPodr\u00e1s proponer soluciones\t\t\t\t\t\t<\/span>\n\t\t\t\t\t<\/h3>\n\t\t\t\t\n\t\t\t\t\t\t\t\t\t<p class=\"elementor-icon-box-description\">\n\t\t\t\t\t\tExperimente con nuevos enfoques y perfeccione continuamente sus conocimientos. Gracias a la tutor\u00eda, la retroalimentaci\u00f3n y la experiencia pr\u00e1ctica, tendr\u00e1s la oportunidad de acelerar tu desarrollo profesional al tiempo que influyes significativamente en las organizaciones a las que apoyamos.\t\t\t\t\t<\/p>\n\t\t\t\t\n\t\t\t<\/div>\n\t\t\t\n\t\t<\/div>\n\t\t\t\t\t\t<\/div>\n\t\t\t\t<\/div>\n\t\t<div class=\"elementor-element elementor-element-5fe698b e-con-full elementor-hidden-mobile e-flex e-con e-child\" data-id=\"5fe698b\" data-element_type=\"container\" data-settings=\"{&quot;background_background&quot;:&quot;classic&quot;}\">\n\t\t\t\t<\/div>\n\t\t\t\t\t<\/div>\n\t\t\t\t<\/div>\n\t\t<div class=\"elementor-element elementor-element-2df7eb9 e-flex e-con-boxed e-con e-parent\" data-id=\"2df7eb9\" data-element_type=\"container\">\n\t\t\t\t\t<div class=\"e-con-inner\">\n\t\t\t\t<div class=\"elementor-element elementor-element-c3d2e7b elementor-widget elementor-widget-heading\" data-id=\"c3d2e7b\" data-element_type=\"widget\" data-widget_type=\"heading.default\">\n\t\t\t\t\t<h2 class=\"elementor-heading-title elementor-size-default\">Si est\u00e1 preparado para hacer crecer su carrera profesional mientras ayuda a las organizaciones a hacer crecer la suya, nos encantar\u00eda conocerle.<\/h2>\t\t\t\t<\/div>\n\t\t\t\t<div class=\"elementor-element elementor-element-c705f3c elementor-widget__width-initial elementor-widget elementor-widget-text-editor\" data-id=\"c705f3c\" data-element_type=\"widget\" data-widget_type=\"text-editor.default\">\n\t\t\t\t\t\t\t\t\t<p><em>\u00danete a <strong>Lead Beyond<\/strong><\/em><\/p>\t\t\t\t\t\t\t\t<\/div>\n\t\t\t\t<div class=\"elementor-element elementor-element-062b3f8 elementor-view-default elementor-widget elementor-widget-icon\" data-id=\"062b3f8\" data-element_type=\"widget\" data-widget_type=\"icon.default\">\n\t\t\t\t\t\t\t<div class=\"elementor-icon-wrapper\">\n\t\t\t<div class=\"elementor-icon\">\n\t\t\t<svg aria-hidden=\"true\" class=\"e-font-icon-svg e-fas-arrow-down\" viewbox=\"0 0 448 512\" xmlns=\"http:\/\/www.w3.org\/2000\/svg\"><path d=\"M413.1 222.5l22.2 22.2c9.4 9.4 9.4 24.6 0 33.9L241 473c-9.4 9.4-24.6 9.4-33.9 0L12.7 278.6c-9.4-9.4-9.4-24.6 0-33.9l22.2-22.2c9.5-9.5 25-9.3 34.3.4L184 343.4V56c0-13.3 10.7-24 24-24h32c13.3 0 24 10.7 24 24v287.4l114.8-120.5c9.3-9.8 24.8-10 34.3-.4z\"><\/path><\/svg>\t\t\t<\/div>\n\t\t<\/div>\n\t\t\t\t\t\t<\/div>\n\t\t\t\t\t<\/div>\n\t\t\t\t<\/div>\n\t\t<div class=\"elementor-element elementor-element-2da110b e-flex e-con-boxed e-con e-parent\" data-id=\"2da110b\" data-element_type=\"container\" data-settings=\"{&quot;background_background&quot;:&quot;classic&quot;}\">\n\t\t\t\t\t<div class=\"e-con-inner\">\n\t\t<div class=\"elementor-element elementor-element-072d82e e-con-full animated-slow e-flex elementor-invisible e-con e-child\" data-id=\"072d82e\" data-element_type=\"container\" data-settings=\"{&quot;animation&quot;:&quot;fadeInDown&quot;}\">\n\t\t\t\t<div class=\"elementor-element elementor-element-185f3b3 animated-slow elementor-invisible elementor-widget elementor-widget-image\" data-id=\"185f3b3\" data-element_type=\"widget\" data-settings=\"{&quot;_animation&quot;:&quot;fadeInLeft&quot;}\" data-widget_type=\"image.default\">\n\t\t\t\t\t\t\t\t\t\t\t\t\t\t\t<img fetchpriority=\"high\" decoding=\"async\" width=\"460\" height=\"289\" src=\"https:\/\/leadbeyondbiz.com\/wp-content\/uploads\/2026\/01\/Lead-beyond-biz-icon-white.png\" class=\"attachment-full size-full wp-image-814\" alt=\"\" srcset=\"https:\/\/leadbeyondbiz.com\/wp-content\/uploads\/2026\/01\/Lead-beyond-biz-icon-white.png 460w, https:\/\/leadbeyondbiz.com\/wp-content\/uploads\/2026\/01\/Lead-beyond-biz-icon-white-300x188.png 300w, https:\/\/leadbeyondbiz.com\/wp-content\/uploads\/2026\/01\/Lead-beyond-biz-icon-white-18x12.png 18w\" sizes=\"(max-width: 460px) 100vw, 460px\" \/>\t\t\t\t\t\t\t\t\t\t\t\t\t\t\t<\/div>\n\t\t\t\t<\/div>\n\t\t<div class=\"elementor-element elementor-element-e2ad859 e-con-full e-flex e-con e-child\" data-id=\"e2ad859\" data-element_type=\"container\">\n\t\t\t\t<div class=\"elementor-element elementor-element-859894c elementor-widget elementor-widget-icon-box\" data-id=\"859894c\" data-element_type=\"widget\" data-widget_type=\"icon-box.default\">\n\t\t\t\t\t\t\t<div class=\"elementor-icon-box-wrapper\">\n\n\t\t\t\n\t\t\t\t\t\t<div class=\"elementor-icon-box-content\">\n\n\t\t\t\t\t\t\t\t\t<h3 class=\"elementor-icon-box-title\">\n\t\t\t\t\t\t<span  >\n\t\t\t\t\t\t\tCrece con nosotros\t\t\t\t\t\t<\/span>\n\t\t\t\t\t<\/h3>\n\t\t\t\t\n\t\t\t\t\n\t\t\t<\/div>\n\t\t\t\n\t\t<\/div>\n\t\t\t\t\t\t<\/div>\n\t\t\t\t<div class=\"elementor-element elementor-element-cd760ba elementor-align-left elementor-widget elementor-widget-button\" data-id=\"cd760ba\" data-element_type=\"widget\" data-widget_type=\"button.default\">\n\t\t\t\t\t\t\t\t\t\t<a class=\"elementor-button elementor-button-link elementor-size-sm elementor-animation-grow\" href=\"https:\/\/leadbeyondbiz.com\/wp-admin\/contact\/\">\n\t\t\t\t\t\t<span class=\"elementor-button-content-wrapper\">\n\t\t\t\t\t\t\t\t\t<span class=\"elementor-button-text\">Contacto<\/span>\n\t\t\t\t\t<\/span>\n\t\t\t\t\t<\/a>\n\t\t\t\t\t\t\t\t<\/div>\n\t\t\t\t<\/div>\n\t\t\t\t\t<\/div>\n\t\t\t\t<\/div>\n\t\t\t\t<\/div>","protected":false},"excerpt":{"rendered":"<p>Careers at Lead Beyond At Lead Beyond, we\u2019re building a team of strategic thinkers, problem solvers, and collaborators who want to shape the future of consulting. You\u2019ll work with corporate leaders and startup founders, contribute to high-impact projects, and grow your skills in strategy, technology, and transformation. We value initiative, ownership, and continuous learning. You\u2019ll [&hellip;]<\/p>","protected":false},"author":1,"featured_media":0,"parent":0,"menu_order":0,"comment_status":"closed","ping_status":"closed","template":"","meta":{"footnotes":""},"class_list":["post-287","page","type-page","status-publish","hentry"],"_links":{"self":[{"href":"https:\/\/leadbeyondbiz.com\/es\/wp-json\/wp\/v2\/pages\/287","targetHints":{"allow":["GET"]}}],"collection":[{"href":"https:\/\/leadbeyondbiz.com\/es\/wp-json\/wp\/v2\/pages"}],"about":[{"href":"https:\/\/leadbeyondbiz.com\/es\/wp-json\/wp\/v2\/types\/page"}],"author":[{"embeddable":true,"href":"https:\/\/leadbeyondbiz.com\/es\/wp-json\/wp\/v2\/users\/1"}],"replies":[{"embeddable":true,"href":"https:\/\/leadbeyondbiz.com\/es\/wp-json\/wp\/v2\/comments?post=287"}],"version-history":[{"count":157,"href":"https:\/\/leadbeyondbiz.com\/es\/wp-json\/wp\/v2\/pages\/287\/revisions"}],"predecessor-version":[{"id":817,"href":"https:\/\/leadbeyondbiz.com\/es\/wp-json\/wp\/v2\/pages\/287\/revisions\/817"}],"wp:attachment":[{"href":"https:\/\/leadbeyondbiz.com\/es\/wp-json\/wp\/v2\/media?parent=287"}],"curies":[{"name":"wp","href":"https:\/\/api.w.org\/{rel}","templated":true}]}}