{"id":178,"date":"2025-09-17T17:12:58","date_gmt":"2025-09-17T17:12:58","guid":{"rendered":"https:\/\/leadbeyondbiz.com\/?page_id=178"},"modified":"2026-01-15T01:27:50","modified_gmt":"2026-01-15T01:27:50","slug":"industrias","status":"publish","type":"page","link":"https:\/\/leadbeyondbiz.com\/es\/industrias\/","title":{"rendered":"Industrias"},"content":{"rendered":"<div data-elementor-type=\"wp-page\" data-elementor-id=\"178\" class=\"elementor elementor-178\" data-elementor-post-type=\"page\">\n\t\t\t\t<div class=\"elementor-element elementor-element-55b3585 e-flex e-con-boxed e-con e-parent\" data-id=\"55b3585\" data-element_type=\"container\" data-settings=\"{&quot;background_background&quot;:&quot;classic&quot;}\">\n\t\t\t\t\t<div class=\"e-con-inner\">\n\t\t\t\t<div class=\"elementor-element elementor-element-ed92604 elementor-widget elementor-widget-heading\" data-id=\"ed92604\" data-element_type=\"widget\" data-widget_type=\"heading.default\">\n\t\t\t\t\t<h1 class=\"elementor-heading-title elementor-size-default\">Industrias a las que servimos en <strong>Lead Beyond<\/h1>\t\t\t\t<\/div>\n\t\t\t\t\t<\/div>\n\t\t\t\t<\/div>\n\t\t<div class=\"elementor-element elementor-element-c292fd4 elementor-hidden-mobile e-flex e-con-boxed e-con e-parent\" data-id=\"c292fd4\" data-element_type=\"container\" data-settings=\"{&quot;background_background&quot;:&quot;classic&quot;}\">\n\t\t\t\t\t<div class=\"e-con-inner\">\n\t\t<div class=\"elementor-element elementor-element-a0c11d1 e-con-full e-flex e-con e-child\" data-id=\"a0c11d1\" data-element_type=\"container\">\n\t\t\t\t<div class=\"elementor-element elementor-element-5f300a7 elementor-widget elementor-widget-icon-box\" data-id=\"5f300a7\" data-element_type=\"widget\" data-widget_type=\"icon-box.default\">\n\t\t\t\t\t\t\t<div class=\"elementor-icon-box-wrapper\">\n\n\t\t\t\n\t\t\t\t\t\t<div class=\"elementor-icon-box-content\">\n\n\t\t\t\t\t\t\t\t\t<h3 class=\"elementor-icon-box-title\">\n\t\t\t\t\t\t<span  >\n\t\t\t\t\t\t\t<strong>Lead Beyond<\/strong> trabaja en sectores en los que las empresas y las startups impulsan la transformaci\u00f3n y la innovaci\u00f3n:\t\t\t\t\t\t<\/span>\n\t\t\t\t\t<\/h3>\n\t\t\t\t\n\t\t\t\t\n\t\t\t<\/div>\n\t\t\t\n\t\t<\/div>\n\t\t\t\t\t\t<\/div>\n\t\t\t\t<div class=\"elementor-element elementor-element-4e95ed3 elementor-widget__width-inherit elementor-widget-mobile__width-inherit elementor-widget elementor-widget-text-editor\" data-id=\"4e95ed3\" data-element_type=\"widget\" data-widget_type=\"text-editor.default\">\n\t\t\t\t\t\t\t\t\t<ul><li class=\"p1\">Servicios financieros<\/li><li class=\"p1\">Productos de consumo<\/li><li class=\"p1\">Agronegocios<\/li><li class=\"p1\">Sanidad<\/li><li class=\"p1\">Maquinaria<\/li><li class=\"p1\">Miner\u00eda<\/li><li class=\"p1\">Petr\u00f3leo y gas<\/li><li class=\"p1\">Tecnolog\u00eda<\/li><li class=\"p1\">Telecomunicaciones<\/li><li class=\"p1\">Transporte<\/li><\/ul>\t\t\t\t\t\t\t\t<\/div>\n\t\t\t\t<\/div>\n\t\t<div class=\"elementor-element elementor-element-398c519 e-con-full elementor-hidden-mobile e-flex e-con e-child\" data-id=\"398c519\" data-element_type=\"container\" data-settings=\"{&quot;background_background&quot;:&quot;classic&quot;}\">\n\t\t\t\t<\/div>\n\t\t\t\t\t<\/div>\n\t\t\t\t<\/div>\n\t\t<div class=\"elementor-element elementor-element-85821eb e-flex e-con-boxed e-con e-parent\" data-id=\"85821eb\" data-element_type=\"container\">\n\t\t\t\t\t<div class=\"e-con-inner\">\n\t\t\t\t<div class=\"elementor-element elementor-element-49d0df3 elementor-widget elementor-widget-heading\" data-id=\"49d0df3\" data-element_type=\"widget\" data-widget_type=\"heading.default\">\n\t\t\t\t\t<h2 class=\"elementor-heading-title elementor-size-default\">Nuestra experiencia en el sector permite a Lead Beyond combinar conocimientos espec\u00edficos del sector con las mejores pr\u00e1cticas intersectoriales, ofreciendo soluciones innovadoras y s\u00f3lidas desde el punto de vista operativo.<\/h2>\t\t\t\t<\/div>\n\t\t\t\t<div class=\"elementor-element elementor-element-c42f401 elementor-widget__width-initial elementor-widget elementor-widget-text-editor\" data-id=\"c42f401\" data-element_type=\"widget\" data-widget_type=\"text-editor.default\">\n\t\t\t\t\t\t\t\t\t<p><em>Descubra <strong>Lead Beyond's<\/strong> experiencia en su sector.<\/em><\/p>\t\t\t\t\t\t\t\t<\/div>\n\t\t\t\t\t<\/div>\n\t\t\t\t<\/div>\n\t\t\t\t<\/div>","protected":false},"excerpt":{"rendered":"<p>Industrias que servimos en Lead Beyond Lead Beyond trabaja en todas las industrias donde las organizaciones empresariales y las nuevas empresas est\u00e1n impulsando la transformaci\u00f3n y la innovaci\u00f3n: Servicios Financieros Productos de Consumo Agroindustria Salud Maquinaria Miner\u00eda Petr\u00f3leo y Gas Tecnolog\u00eda Telecomunicaciones Transporte Nuestra experiencia en la industria permite a Lead Beyond combinar conocimientos espec\u00edficos del sector con las mejores pr\u00e1cticas de toda la industria, ofreciendo soluciones que son a la vez innovadoras [...]<\/p>","protected":false},"author":1,"featured_media":0,"parent":0,"menu_order":0,"comment_status":"closed","ping_status":"closed","template":"","meta":{"footnotes":""},"class_list":["post-178","page","type-page","status-publish","hentry"],"_links":{"self":[{"href":"https:\/\/leadbeyondbiz.com\/es\/wp-json\/wp\/v2\/pages\/178","targetHints":{"allow":["GET"]}}],"collection":[{"href":"https:\/\/leadbeyondbiz.com\/es\/wp-json\/wp\/v2\/pages"}],"about":[{"href":"https:\/\/leadbeyondbiz.com\/es\/wp-json\/wp\/v2\/types\/page"}],"author":[{"embeddable":true,"href":"https:\/\/leadbeyondbiz.com\/es\/wp-json\/wp\/v2\/users\/1"}],"replies":[{"embeddable":true,"href":"https:\/\/leadbeyondbiz.com\/es\/wp-json\/wp\/v2\/comments?post=178"}],"version-history":[{"count":77,"href":"https:\/\/leadbeyondbiz.com\/es\/wp-json\/wp\/v2\/pages\/178\/revisions"}],"predecessor-version":[{"id":964,"href":"https:\/\/leadbeyondbiz.com\/es\/wp-json\/wp\/v2\/pages\/178\/revisions\/964"}],"wp:attachment":[{"href":"https:\/\/leadbeyondbiz.com\/es\/wp-json\/wp\/v2\/media?parent=178"}],"curies":[{"name":"wp","href":"https:\/\/api.w.org\/{rel}","templated":true}]}}