{"id":12,"date":"2025-09-17T14:39:22","date_gmt":"2025-09-17T14:39:22","guid":{"rendered":"https:\/\/leadbeyondbiz.com\/?page_id=12"},"modified":"2026-01-15T02:26:39","modified_gmt":"2026-01-15T02:26:39","slug":"home","status":"publish","type":"page","link":"https:\/\/leadbeyondbiz.com\/es\/","title":{"rendered":"Inicio"},"content":{"rendered":"<div data-elementor-type=\"wp-page\" data-elementor-id=\"12\" class=\"elementor elementor-12\" data-elementor-post-type=\"page\">\n\t\t\t\t<div class=\"elementor-element elementor-element-e74f2fd e-flex e-con-boxed e-con e-parent\" data-id=\"e74f2fd\" data-element_type=\"container\" data-settings=\"{&quot;background_background&quot;:&quot;classic&quot;,&quot;background_motion_fx_motion_fx_scrolling&quot;:&quot;yes&quot;,&quot;background_motion_fx_translateY_effect&quot;:&quot;yes&quot;,&quot;background_motion_fx_translateY_speed&quot;:{&quot;unit&quot;:&quot;px&quot;,&quot;size&quot;:3,&quot;sizes&quot;:[]},&quot;background_motion_fx_translateY_affectedRange&quot;:{&quot;unit&quot;:&quot;%&quot;,&quot;size&quot;:&quot;&quot;,&quot;sizes&quot;:{&quot;start&quot;:0,&quot;end&quot;:100}},&quot;background_motion_fx_devices&quot;:[&quot;desktop&quot;,&quot;tablet&quot;,&quot;mobile&quot;]}\">\n\t\t\t\t\t<div class=\"e-con-inner\">\n\t\t\t\t<div class=\"elementor-element elementor-element-1125933 elementor-widget__width-initial elementor-widget-mobile__width-inherit elementor-widget elementor-widget-heading\" data-id=\"1125933\" data-element_type=\"widget\" data-widget_type=\"heading.default\">\n\t\t\t\t\t<h1 class=\"elementor-heading-title elementor-size-default\"><a style=\"font-weight: bold;color: #38398E\"><strong>Lead Beyond<\/strong><\/a> Consultor\u00eda <br>A la medida de sus ambiciones<\/h1>\t\t\t\t<\/div>\n\t\t\t\t<div class=\"elementor-element elementor-element-e3edc74 elementor-align-left elementor-widget elementor-widget-button\" data-id=\"e3edc74\" data-element_type=\"widget\" data-widget_type=\"button.default\">\n\t\t\t\t\t\t\t\t\t\t<a class=\"elementor-button elementor-button-link elementor-size-sm elementor-animation-grow\" href=\"https:\/\/leadbeyondbiz.com\/es\/acerca-de-nosotros\/\">\n\t\t\t\t\t\t<span class=\"elementor-button-content-wrapper\">\n\t\t\t\t\t\t\t\t\t<span class=\"elementor-button-text\">M\u00e1s informaci\u00f3n<\/span>\n\t\t\t\t\t<\/span>\n\t\t\t\t\t<\/a>\n\t\t\t\t\t\t\t\t<\/div>\n\t\t\t\t\t<\/div>\n\t\t\t\t<\/div>\n\t\t<div class=\"elementor-element elementor-element-20c71d6 e-flex e-con-boxed e-con e-parent\" data-id=\"20c71d6\" data-element_type=\"container\">\n\t\t\t\t\t<div class=\"e-con-inner\">\n\t\t\t\t<div class=\"elementor-element elementor-element-a69aab4 elementor-widget elementor-widget-heading\" data-id=\"a69aab4\" data-element_type=\"widget\" data-widget_type=\"heading.default\">\n\t\t\t\t\t<h2 class=\"elementor-heading-title elementor-size-default\">En <strong>Lead Beyond<\/strong>, Si usted es un empresario, se merece una experiencia de consultor\u00eda que crezca con su negocio, tanto si dirige una organizaci\u00f3n corporativa como si est\u00e1 creando una nueva empresa de r\u00e1pido crecimiento.<\/h2>\t\t\t\t<\/div>\n\t\t\t\t<div class=\"elementor-element elementor-element-fce1416 elementor-widget__width-initial elementor-widget elementor-widget-text-editor\" data-id=\"fce1416\" data-element_type=\"widget\" data-widget_type=\"text-editor.default\">\n\t\t\t\t\t\t\t\t\t<p>Por eso, en Lead Beyond trabajamos con usted, no s\u00f3lo para usted. Al colaborar estrechamente, le ayudamos a navegar por la complejidad, adaptarse al cambio, optimizar las operaciones y aprovechar la tecnolog\u00eda para competir y escalar en una econom\u00eda digital.<\/p>\t\t\t\t\t\t\t\t<\/div>\n\t\t\t\t\t<\/div>\n\t\t\t\t<\/div>\n\t\t<div class=\"elementor-element elementor-element-9f46ca8 e-flex e-con-boxed e-con e-parent\" data-id=\"9f46ca8\" data-element_type=\"container\">\n\t\t\t\t\t<div class=\"e-con-inner\">\n\t\t<div class=\"elementor-element elementor-element-f29588e e-con-full e-flex e-con e-child\" data-id=\"f29588e\" data-element_type=\"container\">\n\t\t\t\t<div class=\"elementor-element elementor-element-f573912 elementor-widget elementor-widget-heading\" data-id=\"f573912\" data-element_type=\"widget\" data-widget_type=\"heading.default\">\n\t\t\t\t\t<h2 class=\"elementor-heading-title elementor-size-default\">Creemos que la consultor\u00eda es un deporte de equipo<\/h2>\t\t\t\t<\/div>\n\t\t\t\t<div class=\"elementor-element elementor-element-ad27085 elementor-widget__width-inherit elementor-widget elementor-widget-text-editor\" data-id=\"ad27085\" data-element_type=\"widget\" data-widget_type=\"text-editor.default\">\n\t\t\t\t\t\t\t\t\t<p>Por eso en <strong>Lead Beyond<\/strong> trabajamos con usted, no s\u00f3lo para usted. Mediante una estrecha colaboraci\u00f3n, le ayudamos a sortear la complejidad, adaptarse al cambio, optimizar las operaciones y aprovechar la tecnolog\u00eda para competir y escalar en una econom\u00eda que da prioridad a lo digital.<\/p>\t\t\t\t\t\t\t\t<\/div>\n\t\t\t\t<div class=\"elementor-element elementor-element-66968cd elementor-widget elementor-widget-heading\" data-id=\"66968cd\" data-element_type=\"widget\" data-widget_type=\"heading.default\">\n\t\t\t\t\t<h2 class=\"elementor-heading-title elementor-size-default\">Nuestro modelo de consultor\u00eda combina:<\/h2>\t\t\t\t<\/div>\n\t\t\t\t<div class=\"elementor-element elementor-element-d471e29 elementor-widget__width-inherit elementor-widget elementor-widget-text-editor\" data-id=\"d471e29\" data-element_type=\"widget\" data-widget_type=\"text-editor.default\">\n\t\t\t\t\t\t\t\t\t<p>Pensamiento estrat\u00e9gico con ejecuci\u00f3n pr\u00e1ctica, apoyo a organizaciones que necesitan claridad, rapidez y resultados cuantificables.<\/p>\t\t\t\t\t\t\t\t<\/div>\n\t\t\t\t<div class=\"elementor-element elementor-element-1f9eb63 elementor-align-left elementor-widget elementor-widget-button\" data-id=\"1f9eb63\" data-element_type=\"widget\" data-widget_type=\"button.default\">\n\t\t\t\t\t\t\t\t\t\t<a class=\"elementor-button elementor-button-link elementor-size-sm elementor-animation-grow\" href=\"https:\/\/leadbeyondbiz.com\/es\/acerca-de-nosotros\/\">\n\t\t\t\t\t\t<span class=\"elementor-button-content-wrapper\">\n\t\t\t\t\t\t\t\t\t<span class=\"elementor-button-text\">Qui\u00e9nes somos<\/span>\n\t\t\t\t\t<\/span>\n\t\t\t\t\t<\/a>\n\t\t\t\t\t\t\t\t<\/div>\n\t\t\t\t<\/div>\n\t\t<div class=\"elementor-element elementor-element-309d62b e-con-full e-flex e-con e-child\" data-id=\"309d62b\" data-element_type=\"container\">\n\t\t\t\t<div class=\"elementor-element elementor-element-502448d animated-slow elementor-invisible elementor-widget elementor-widget-image\" data-id=\"502448d\" data-element_type=\"widget\" data-settings=\"{&quot;_animation&quot;:&quot;fadeInDown&quot;}\" data-widget_type=\"image.default\">\n\t\t\t\t\t\t\t\t\t\t\t\t\t\t\t<img fetchpriority=\"high\" decoding=\"async\" width=\"900\" height=\"1000\" src=\"https:\/\/leadbeyondbiz.com\/wp-content\/uploads\/2025\/09\/data-carrers-clod-management-1.jpg\" class=\"attachment-full size-full wp-image-497\" alt=\"\" srcset=\"https:\/\/leadbeyondbiz.com\/wp-content\/uploads\/2025\/09\/data-carrers-clod-management-1.jpg 900w, https:\/\/leadbeyondbiz.com\/wp-content\/uploads\/2025\/09\/data-carrers-clod-management-1-270x300.jpg 270w, https:\/\/leadbeyondbiz.com\/wp-content\/uploads\/2025\/09\/data-carrers-clod-management-1-768x853.jpg 768w, https:\/\/leadbeyondbiz.com\/wp-content\/uploads\/2025\/09\/data-carrers-clod-management-1-11x12.jpg 11w\" sizes=\"(max-width: 900px) 100vw, 900px\" \/>\t\t\t\t\t\t\t\t\t\t\t\t\t\t\t<\/div>\n\t\t\t\t<\/div>\n\t\t\t\t\t<\/div>\n\t\t\t\t<\/div>\n\t\t<div class=\"elementor-element elementor-element-383b0d1 e-flex e-con-boxed e-con e-parent\" data-id=\"383b0d1\" data-element_type=\"container\">\n\t\t\t\t\t<div class=\"e-con-inner\">\n\t\t\t\t<div class=\"elementor-element elementor-element-91026ce elementor-widget elementor-widget-heading\" data-id=\"91026ce\" data-element_type=\"widget\" data-widget_type=\"heading.default\">\n\t\t\t\t\t<h2 class=\"elementor-heading-title elementor-size-default\">De la estrategia a la ejecuci\u00f3n, <strong>Lead Beyond<\/strong> le ayuda a avanzar con confianza.<\/h2>\t\t\t\t<\/div>\n\t\t\t\t<div class=\"elementor-element elementor-element-f21666b elementor-widget__width-initial elementor-widget elementor-widget-text-editor\" data-id=\"f21666b\" data-element_type=\"widget\" data-widget_type=\"text-editor.default\">\n\t\t\t\t\t\t\t\t\t<p><em>Acelere su crecimiento con <strong>Lead Beyond<\/strong>.<\/em><\/p>\t\t\t\t\t\t\t\t<\/div>\n\t\t\t\t<div class=\"elementor-element elementor-element-bbfda42 elementor-align-left elementor-widget elementor-widget-button\" data-id=\"bbfda42\" data-element_type=\"widget\" data-widget_type=\"button.default\">\n\t\t\t\t\t\t\t\t\t\t<a class=\"elementor-button elementor-button-link elementor-size-sm elementor-animation-grow\" href=\"https:\/\/leadbeyondbiz.com\/wp-admin\/contact\/\">\n\t\t\t\t\t\t<span class=\"elementor-button-content-wrapper\">\n\t\t\t\t\t\t\t\t\t<span class=\"elementor-button-text\">Cont\u00e1ctanos<\/span>\n\t\t\t\t\t<\/span>\n\t\t\t\t\t<\/a>\n\t\t\t\t\t\t\t\t<\/div>\n\t\t\t\t\t<\/div>\n\t\t\t\t<\/div>\n\t\t<div class=\"elementor-element elementor-element-08d3982 elementor-hidden-desktop elementor-hidden-tablet elementor-hidden-mobile e-flex e-con-boxed e-con e-parent\" data-id=\"08d3982\" data-element_type=\"container\">\n\t\t\t\t\t<div class=\"e-con-inner\">\n\t\t<div class=\"elementor-element elementor-element-2d43d83 e-con-full e-flex e-con e-child\" data-id=\"2d43d83\" data-element_type=\"container\">\n\t\t<div class=\"elementor-element elementor-element-720506a e-con-full e-flex elementor-invisible e-con e-child\" data-id=\"720506a\" data-element_type=\"container\" data-settings=\"{&quot;animation&quot;:&quot;fadeInLeft&quot;}\">\n\t\t<div class=\"elementor-element elementor-element-6702247 e-con-full e-flex e-con e-child\" data-id=\"6702247\" data-element_type=\"container\" data-settings=\"{&quot;background_background&quot;:&quot;classic&quot;}\">\n\t\t\t\t<div class=\"elementor-element elementor-element-5c69fc9 elementor-view-default elementor-widget elementor-widget-icon\" data-id=\"5c69fc9\" data-element_type=\"widget\" data-widget_type=\"icon.default\">\n\t\t\t\t\t\t\t<div class=\"elementor-icon-wrapper\">\n\t\t\t<div class=\"elementor-icon\">\n\t\t\t<i aria-hidden=\"true\" class=\"icon icon-safebox\"><\/i>\t\t\t<\/div>\n\t\t<\/div>\n\t\t\t\t\t\t<\/div>\n\t\t\t\t<\/div>\n\t\t\t\t<div class=\"elementor-element elementor-element-85b36b7 elementor-widget elementor-widget-heading\" data-id=\"85b36b7\" data-element_type=\"widget\" data-widget_type=\"heading.default\">\n\t\t\t\t\t<h2 class=\"elementor-heading-title elementor-size-default\">Seguridad y confidencialidad<\/h2>\t\t\t\t<\/div>\n\t\t\t\t<div class=\"elementor-element elementor-element-e513247 elementor-widget elementor-widget-text-editor\" data-id=\"e513247\" data-element_type=\"widget\" data-widget_type=\"text-editor.default\">\n\t\t\t\t\t\t\t\t\tSeguridad avanzada y pr\u00e1cticas vanguardistas de protecci\u00f3n de datos.\t\t\t\t\t\t\t\t<\/div>\n\t\t\t\t<\/div>\n\t\t\t\t<\/div>\n\t\t<div class=\"elementor-element elementor-element-895ff1d e-con-full e-flex e-con e-child\" data-id=\"895ff1d\" data-element_type=\"container\">\n\t\t<div class=\"elementor-element elementor-element-9d2327e e-con-full e-flex elementor-invisible e-con e-child\" data-id=\"9d2327e\" data-element_type=\"container\" data-settings=\"{&quot;animation&quot;:&quot;fadeInLeft&quot;}\">\n\t\t<div class=\"elementor-element elementor-element-0782f82 e-con-full e-flex e-con e-child\" data-id=\"0782f82\" data-element_type=\"container\" data-settings=\"{&quot;background_background&quot;:&quot;classic&quot;}\">\n\t\t\t\t<div class=\"elementor-element elementor-element-f22a48d elementor-view-default elementor-widget elementor-widget-icon\" data-id=\"f22a48d\" data-element_type=\"widget\" data-widget_type=\"icon.default\">\n\t\t\t\t\t\t\t<div class=\"elementor-icon-wrapper\">\n\t\t\t<div class=\"elementor-icon\">\n\t\t\t<i aria-hidden=\"true\" class=\"icon icon-light-bulb-1\"><\/i>\t\t\t<\/div>\n\t\t<\/div>\n\t\t\t\t\t\t<\/div>\n\t\t\t\t<\/div>\n\t\t\t\t<div class=\"elementor-element elementor-element-92447ac elementor-widget elementor-widget-heading\" data-id=\"92447ac\" data-element_type=\"widget\" data-widget_type=\"heading.default\">\n\t\t\t\t\t<h2 class=\"elementor-heading-title elementor-size-default\">Integraci\u00f3n y compatibilidad<\/h2>\t\t\t\t<\/div>\n\t\t\t\t<div class=\"elementor-element elementor-element-2b85249 elementor-widget elementor-widget-text-editor\" data-id=\"2b85249\" data-element_type=\"widget\" data-widget_type=\"text-editor.default\">\n\t\t\t\t\t\t\t\t\t<p>Soluciones integrales que se adaptan perfectamente a su infraestructura tecnol\u00f3gica.<\/p>\t\t\t\t\t\t\t\t<\/div>\n\t\t\t\t<\/div>\n\t\t\t\t<\/div>\n\t\t<div class=\"elementor-element elementor-element-c1c69cf e-con-full e-flex e-con e-child\" data-id=\"c1c69cf\" data-element_type=\"container\">\n\t\t<div class=\"elementor-element elementor-element-3bddfba e-con-full e-flex elementor-invisible e-con e-child\" data-id=\"3bddfba\" data-element_type=\"container\" data-settings=\"{&quot;animation&quot;:&quot;fadeInRight&quot;}\">\n\t\t<div class=\"elementor-element elementor-element-2aa599a e-con-full e-flex e-con e-child\" data-id=\"2aa599a\" data-element_type=\"container\" data-settings=\"{&quot;background_background&quot;:&quot;classic&quot;}\">\n\t\t\t\t<div class=\"elementor-element elementor-element-d888c19 elementor-view-default elementor-widget elementor-widget-icon\" data-id=\"d888c19\" data-element_type=\"widget\" data-widget_type=\"icon.default\">\n\t\t\t\t\t\t\t<div class=\"elementor-icon-wrapper\">\n\t\t\t<div class=\"elementor-icon\">\n\t\t\t<i aria-hidden=\"true\" class=\"icon icon-checkmark-circle\"><\/i>\t\t\t<\/div>\n\t\t<\/div>\n\t\t\t\t\t\t<\/div>\n\t\t\t\t<\/div>\n\t\t\t\t<div class=\"elementor-element elementor-element-4cdd557 elementor-widget elementor-widget-heading\" data-id=\"4cdd557\" data-element_type=\"widget\" data-widget_type=\"heading.default\">\n\t\t\t\t\t<h2 class=\"elementor-heading-title elementor-size-default\">Calidad y precisi\u00f3n<\/h2>\t\t\t\t<\/div>\n\t\t\t\t<div class=\"elementor-element elementor-element-f72e1ec elementor-widget elementor-widget-text-editor\" data-id=\"f72e1ec\" data-element_type=\"widget\" data-widget_type=\"text-editor.default\">\n\t\t\t\t\t\t\t\t\tRigurosos m\u00e9todos de limpieza, validaci\u00f3n y normalizaci\u00f3n.\t\t\t\t\t\t\t\t<\/div>\n\t\t\t\t<\/div>\n\t\t\t\t<\/div>\n\t\t<div class=\"elementor-element elementor-element-bdbdbe0 e-con-full e-flex e-con e-child\" data-id=\"bdbdbe0\" data-element_type=\"container\">\n\t\t<div class=\"elementor-element elementor-element-d5a6b13 e-con-full e-flex elementor-invisible e-con e-child\" data-id=\"d5a6b13\" data-element_type=\"container\" data-settings=\"{&quot;animation&quot;:&quot;fadeInRight&quot;}\">\n\t\t<div class=\"elementor-element elementor-element-ce2df34 e-con-full e-flex e-con e-child\" data-id=\"ce2df34\" data-element_type=\"container\" data-settings=\"{&quot;background_background&quot;:&quot;classic&quot;}\">\n\t\t\t\t<div class=\"elementor-element elementor-element-02512c3 elementor-view-default elementor-widget elementor-widget-icon\" data-id=\"02512c3\" data-element_type=\"widget\" data-widget_type=\"icon.default\">\n\t\t\t\t\t\t\t<div class=\"elementor-icon-wrapper\">\n\t\t\t<div class=\"elementor-icon\">\n\t\t\t<i aria-hidden=\"true\" class=\"icon icon-cogwheel1\"><\/i>\t\t\t<\/div>\n\t\t<\/div>\n\t\t\t\t\t\t<\/div>\n\t\t\t\t<\/div>\n\t\t\t\t<div class=\"elementor-element elementor-element-7500277 elementor-widget elementor-widget-heading\" data-id=\"7500277\" data-element_type=\"widget\" data-widget_type=\"heading.default\">\n\t\t\t\t\t<h2 class=\"elementor-heading-title elementor-size-default\">Adaptabilidad y escalabilidad<\/h2>\t\t\t\t<\/div>\n\t\t\t\t<div class=\"elementor-element elementor-element-2abef4b elementor-widget elementor-widget-text-editor\" data-id=\"2abef4b\" data-element_type=\"widget\" data-widget_type=\"text-editor.default\">\n\t\t\t\t\t\t\t\t\tNuestras soluciones de datos est\u00e1n dise\u00f1adas para crecer con usted y satisfacer sus necesidades en constante cambio.\t\t\t\t\t\t\t\t<\/div>\n\t\t\t\t<\/div>\n\t\t\t\t<\/div>\n\t\t\t\t\t<\/div>\n\t\t\t\t<\/div>\n\t\t\t\t<\/div>","protected":false},"excerpt":{"rendered":"<p>Lead Beyond Consulting That Scales With Your Ambition M\u00e1s informaci\u00f3n En Lead Beyond, usted merece una experiencia de consultor\u00eda que crezca con su negocio, ya sea que est\u00e9 liderando una organizaci\u00f3n corporativa o construyendo una startup de r\u00e1pido crecimiento. Por eso, en Lead Beyond trabajamos con usted, no s\u00f3lo para usted. Al colaborar estrechamente, le ayudamos a navegar por la complejidad, adaptar [...]<\/p>","protected":false},"author":1,"featured_media":0,"parent":0,"menu_order":0,"comment_status":"closed","ping_status":"closed","template":"","meta":{"footnotes":""},"class_list":["post-12","page","type-page","status-publish","hentry"],"_links":{"self":[{"href":"https:\/\/leadbeyondbiz.com\/es\/wp-json\/wp\/v2\/pages\/12","targetHints":{"allow":["GET"]}}],"collection":[{"href":"https:\/\/leadbeyondbiz.com\/es\/wp-json\/wp\/v2\/pages"}],"about":[{"href":"https:\/\/leadbeyondbiz.com\/es\/wp-json\/wp\/v2\/types\/page"}],"author":[{"embeddable":true,"href":"https:\/\/leadbeyondbiz.com\/es\/wp-json\/wp\/v2\/users\/1"}],"replies":[{"embeddable":true,"href":"https:\/\/leadbeyondbiz.com\/es\/wp-json\/wp\/v2\/comments?post=12"}],"version-history":[{"count":235,"href":"https:\/\/leadbeyondbiz.com\/es\/wp-json\/wp\/v2\/pages\/12\/revisions"}],"predecessor-version":[{"id":1053,"href":"https:\/\/leadbeyondbiz.com\/es\/wp-json\/wp\/v2\/pages\/12\/revisions\/1053"}],"wp:attachment":[{"href":"https:\/\/leadbeyondbiz.com\/es\/wp-json\/wp\/v2\/media?parent=12"}],"curies":[{"name":"wp","href":"https:\/\/api.w.org\/{rel}","templated":true}]}}